{"id":441,"date":"2017-06-15T16:57:53","date_gmt":"2017-06-15T14:57:53","guid":{"rendered":"http:\/\/maquette.toutfaire.fr\/wp\/WP\/?page_id=441"},"modified":"2019-03-08T16:57:31","modified_gmt":"2019-03-08T15:57:31","slug":"horaires-douverture","status":"publish","type":"page","link":"http:\/\/maquette.toutfaire.fr\/wp\/?page_id=441","title":{"rendered":"Horaires d&rsquo;ouverture"},"content":{"rendered":"<h2>HORAIRES D\u2019OUVERTURE<\/h2>\n<p><strong>STEINER Mat\u00e9riaux<\/strong><br \/>\n<strong> Zonde de la Praye<\/strong><br \/>\n<strong> 55000 LONGEVILLE EN BARROIS<\/strong><\/p>\n<p>T\u00e9l. : 03.29.79.45.69<br \/>\nFax : 03.29.45.08.00<br \/>\nMail : <a href=\"mailto:steiner.materiaux@wanadoo.fr\">steiner.materiaux@wanadoo.fr<\/a><\/p>\n<p><strong>Ouvert du lundi au vendredi<\/strong> : de 7h30 \u00e0 12h et de 13h30 \u00e0 18h00 le samedi : de 8h00 \u00e0 12h00<br \/>\nFermeture le samedi apr\u00e8s-midi et le dimanche toute la journ\u00e9e.<\/p>\n<p><strong>STEINER Mat\u00e9riaux<\/strong><br \/>\n<strong> Route de Void<\/strong><br \/>\n<strong> 55140 VAUCOULEURS<\/strong><\/p>\n<p>T\u00e9l. : 03.29.89.52.62<br \/>\nFax : 03.29.89.20.09<br \/>\nMail : <a href=\"mailto:steinervaucouleurs@orange.fr\">steinervaucouleurs@orange.fr<\/a><\/p>\n<p><strong>Ouvert du lundi au vendredi<\/strong> : de 8h00 \u00e0 12h et de 13h30 \u00e0 17h30 le samedi : de 9h00 \u00e0 12h00<br \/>\nFermeture le samedi apr\u00e8s-midi et le dimanche toute la journ\u00e9e<\/p>\n","protected":false},"excerpt":{"rendered":"<p>HORAIRES D\u2019OUVERTURE STEINER Mat\u00e9riaux Zonde de la Praye 55000 LONGEVILLE EN BARROIS T\u00e9l. : 03.29.79.45.69 Fax : 03.29.45.08.00 Mail : steiner.materiaux@wanadoo.fr Ouvert du lundi au vendredi : de 7h30 \u00e0 12h et de 13h30 \u00e0 18h00 le samedi : de 8h00 \u00e0 12h00 Fermeture le samedi apr\u00e8s-midi et le dimanche toute la journ\u00e9e. STEINER Mat\u00e9riaux [&hellip;]<\/p>\n","protected":false},"author":1,"featured_media":0,"parent":448,"menu_order":0,"comment_status":"closed","ping_status":"closed","template":"","meta":{"footnotes":""},"class_list":["post-441","page","type-page","status-publish","hentry"],"_links":{"self":[{"href":"http:\/\/maquette.toutfaire.fr\/wp\/index.php?rest_route=\/wp\/v2\/pages\/441"}],"collection":[{"href":"http:\/\/maquette.toutfaire.fr\/wp\/index.php?rest_route=\/wp\/v2\/pages"}],"about":[{"href":"http:\/\/maquette.toutfaire.fr\/wp\/index.php?rest_route=\/wp\/v2\/types\/page"}],"author":[{"embeddable":true,"href":"http:\/\/maquette.toutfaire.fr\/wp\/index.php?rest_route=\/wp\/v2\/users\/1"}],"replies":[{"embeddable":true,"href":"http:\/\/maquette.toutfaire.fr\/wp\/index.php?rest_route=%2Fwp%2Fv2%2Fcomments&post=441"}],"version-history":[{"count":4,"href":"http:\/\/maquette.toutfaire.fr\/wp\/index.php?rest_route=\/wp\/v2\/pages\/441\/revisions"}],"predecessor-version":[{"id":533,"href":"http:\/\/maquette.toutfaire.fr\/wp\/index.php?rest_route=\/wp\/v2\/pages\/441\/revisions\/533"}],"up":[{"embeddable":true,"href":"http:\/\/maquette.toutfaire.fr\/wp\/index.php?rest_route=\/wp\/v2\/pages\/448"}],"wp:attachment":[{"href":"http:\/\/maquette.toutfaire.fr\/wp\/index.php?rest_route=%2Fwp%2Fv2%2Fmedia&parent=441"}],"curies":[{"name":"wp","href":"https:\/\/api.w.org\/{rel}","templated":true}]}}