{"id":439,"date":"2017-06-15T16:57:27","date_gmt":"2017-06-15T14:57:27","guid":{"rendered":"http:\/\/maquette.toutfaire.fr\/wp\/WP\/?page_id=439"},"modified":"2017-10-03T08:48:10","modified_gmt":"2017-10-03T06:48:10","slug":"historique","status":"publish","type":"page","link":"http:\/\/maquette.toutfaire.fr\/wp\/?page_id=439","title":{"rendered":"Historique"},"content":{"rendered":"<h1>Historique<\/h1>\n<p>Au c\u0153ur du centre ville, situ\u00e9 dans les locaux dont l&rsquo;activit\u00e9 principale \u00e9tait un atelier de menuiserie datant de 1933, c&rsquo;est en juin 1967 que commen\u00e7a l&rsquo;aventure du n\u00e9goce de mat\u00e9riaux de construction par la cr\u00e9ation de l&rsquo;entreprise NOUVOBOIS.<\/p>\n<p>Menuisier de p\u00e8re en fils depuis 3 g\u00e9n\u00e9rations sans abandonner ce savoir-faire, la branche mat\u00e9riaux de construction gros \u0153uvres a pris une place de plus en plus importante au fil des ans pour aujourd&rsquo;hui offrir une gamme de produits plus large.<\/p>\n<p>Entre temps NOUVOBOIS s&rsquo;est agrandi par l&rsquo;acquisition de b\u00e2timents annexes :<br \/>\n&#8211; Magasin libre service et salle d&rsquo;exposition depuis 1991;<br \/>\n&#8211; D\u00e9p\u00f4t de plus de 3000 m\u00b2 situ\u00e9 en plein centre ville \u00e0 2 minutes de notre magasin.<br \/>\nAinsi nous pouvons r\u00e9pondre rapidement aux professionnels mais aussi aux particuliers d\u00e9sirant construire ou r\u00e9nover.<\/p>\n<p>Enfin c&rsquo;est en 2001 que nous sommes devenus adh\u00e9rant du groupement TOUT FAIRE afin de mieux vous satisfaire et ainsi vous proposer une large gamme de produits accompagn\u00e9e des derni\u00e8res innovations des plus grandes marques \u00e0 des prix tr\u00e8s comp\u00e9titifs, gr\u00e2ce \u00e0 la puissance d&rsquo;achat nationale de la centrale TOUT FAIRE fort de ses 481 points de vente en France et en Belgique (f\u00e9vrier 2011).<\/p>\n","protected":false},"excerpt":{"rendered":"<p>Historique Au c\u0153ur du centre ville, situ\u00e9 dans les locaux dont l&rsquo;activit\u00e9 principale \u00e9tait un atelier de menuiserie datant de 1933, c&rsquo;est en juin 1967 que commen\u00e7a l&rsquo;aventure du n\u00e9goce de mat\u00e9riaux de construction par la cr\u00e9ation de l&rsquo;entreprise NOUVOBOIS. Menuisier de p\u00e8re en fils depuis 3 g\u00e9n\u00e9rations sans abandonner ce savoir-faire, la branche mat\u00e9riaux [&hellip;]<\/p>\n","protected":false},"author":1,"featured_media":0,"parent":448,"menu_order":0,"comment_status":"closed","ping_status":"closed","template":"","meta":{"footnotes":""},"class_list":["post-439","page","type-page","status-publish","hentry"],"_links":{"self":[{"href":"http:\/\/maquette.toutfaire.fr\/wp\/index.php?rest_route=\/wp\/v2\/pages\/439"}],"collection":[{"href":"http:\/\/maquette.toutfaire.fr\/wp\/index.php?rest_route=\/wp\/v2\/pages"}],"about":[{"href":"http:\/\/maquette.toutfaire.fr\/wp\/index.php?rest_route=\/wp\/v2\/types\/page"}],"author":[{"embeddable":true,"href":"http:\/\/maquette.toutfaire.fr\/wp\/index.php?rest_route=\/wp\/v2\/users\/1"}],"replies":[{"embeddable":true,"href":"http:\/\/maquette.toutfaire.fr\/wp\/index.php?rest_route=%2Fwp%2Fv2%2Fcomments&post=439"}],"version-history":[{"count":3,"href":"http:\/\/maquette.toutfaire.fr\/wp\/index.php?rest_route=\/wp\/v2\/pages\/439\/revisions"}],"predecessor-version":[{"id":467,"href":"http:\/\/maquette.toutfaire.fr\/wp\/index.php?rest_route=\/wp\/v2\/pages\/439\/revisions\/467"}],"up":[{"embeddable":true,"href":"http:\/\/maquette.toutfaire.fr\/wp\/index.php?rest_route=\/wp\/v2\/pages\/448"}],"wp:attachment":[{"href":"http:\/\/maquette.toutfaire.fr\/wp\/index.php?rest_route=%2Fwp%2Fv2%2Fmedia&parent=439"}],"curies":[{"name":"wp","href":"https:\/\/api.w.org\/{rel}","templated":true}]}}