{"id":11,"date":"2017-02-28T16:22:22","date_gmt":"2017-02-28T15:22:22","guid":{"rendered":"http:\/\/maquette.toutfaire.fr\/wp\/WP\/?page_id=11"},"modified":"2022-09-07T17:17:42","modified_gmt":"2022-09-07T15:17:42","slug":"nos-services","status":"publish","type":"page","link":"http:\/\/maquette.toutfaire.fr\/wp\/?page_id=11","title":{"rendered":"Nos Services"},"content":{"rendered":"<table>\n<tbody>\n<tr>\n<td width=\"70\"><img loading=\"lazy\" decoding=\"async\" class=\"alignnone wp-image-417 size-full\" src=\"http:\/\/maquette.toutfaire.fr\/wp\/wp-content\/uploads\/2017\/04\/services_accueil.gif\" alt=\"\" width=\"65\" height=\"65\" \/><\/td>\n<td><b>VOUS ACCUEILLIR DU LUNDI AU SAMEDI<\/b><\/td>\n<td><i>Toute la semaine, tous les services de votre magasin TOUT FAIRE MATERIAUX sont \u00e0 votre disposition tout pr\u00e8s de chez vous. Pour les professionnels les plus exigeants, TOUT FAIRE MATERIAUX est toujours l\u00e0.<\/i><\/td>\n<\/tr>\n<tr>\n<td width=\"65\"><img loading=\"lazy\" decoding=\"async\" class=\"alignnone wp-image-412 size-full\" src=\"http:\/\/maquette.toutfaire.fr\/wp\/wp-content\/uploads\/2017\/04\/services_livraisons.gif\" alt=\"\" width=\"65\" height=\"65\" \/><\/td>\n<td><b>VOUS LIVRER SUR CHANTIER<\/b><\/td>\n<td><i>Vos mat\u00e9riaux livr\u00e9s sur votre chantier avec possibilit\u00e9 de d\u00e9chargement grue par nos chauffeurs-livreurs exp\u00e9riment\u00e9s du lundi au samedi matin.<\/i><\/td>\n<\/tr>\n<tr>\n<td width=\"65\"><img loading=\"lazy\" decoding=\"async\" class=\"alignnone wp-image-413 size-full\" src=\"http:\/\/maquette.toutfaire.fr\/wp\/wp-content\/uploads\/2017\/04\/services_location.gif\" alt=\"\" width=\"65\" height=\"65\" \/><\/td>\n<td><b>MACHINE \u00c0 SOUFFLER<\/b><\/td>\n<td>\n<p align=\"left\"><i>Pr\u00eat d\u2019une machine \u00e0 souffler pour tout chantier fourni<\/i><\/p>\n<\/td>\n<\/tr>\n<tr>\n<td width=\"65\">\n<p align=\"left\"><img loading=\"lazy\" decoding=\"async\" class=\"alignnone wp-image-409 size-full\" src=\"http:\/\/maquette.toutfaire.fr\/wp\/wp-content\/uploads\/2017\/04\/services_conseils.gif\" alt=\"\" width=\"65\" height=\"65\" \/><\/p>\n<\/td>\n<td><b>VOUS CONSEILLER ET TROUVER DES SOLUTIONS<\/b><\/td>\n<td>\n<div class=\"isoBlockPosition-none isoFloatClear-none fontFamilyStandardText fontSizeNormal fontColorStandardText \">\n<p align=\"left\"><i>Dans chacun de nos points de vente, des professionnels comp\u00e9tents connaissent parfaitement vos besoins et vos contraintes. Ils sont \u00e0 votre service pour trouver les meilleures r\u00e9ponses \u00e0 vos attentes.<\/i><\/p>\n<\/div>\n<\/td>\n<\/tr>\n<tr>\n<td width=\"65\">\n<p align=\"left\"><img loading=\"lazy\" decoding=\"async\" class=\"alignnone wp-image-410 size-full\" src=\"http:\/\/maquette.toutfaire.fr\/wp\/wp-content\/uploads\/2017\/04\/services_decoupe.gif\" alt=\"\" width=\"65\" height=\"65\" \/><\/p>\n<\/td>\n<td><b>D\u00c9COUPER LE BOIS \u00c0 VOS MESURES<\/b><\/td>\n<td>\n<p align=\"left\"><i>Pour toutes vos d\u00e9coupes, nos professionnels du bois sont \u00e0 votre service pour un travail soign\u00e9 sur demande.<\/i><\/p>\n<\/td>\n<\/tr>\n<tr>\n<td width=\"65\">\n<p align=\"left\"><img loading=\"lazy\" decoding=\"async\" class=\"alignnone wp-image-414 size-full\" src=\"http:\/\/maquette.toutfaire.fr\/wp\/wp-content\/uploads\/2017\/04\/services_qualite.gif\" alt=\"\" width=\"65\" height=\"65\" \/><\/p>\n<\/td>\n<td><b>VOUS PROPOSER LE MEILLEUR DE LA QUALIT\u00c9 AU MEILLEUR PRIX<\/b><\/td>\n<td>\n<p align=\"left\"><i>Vos besoins, vos attentes, vos imp\u00e9ratifs sont uniques. TOUT FAIRE MATERIAUX les comprend et apporte la r\u00e9ponse qui vous correspond. Des professionnels \u00e0 votre \u00e9coute, dans tous les magasins TOUT FAIRE MATERIAUX.<\/i><\/p>\n<\/td>\n<\/tr>\n<tr>\n<td width=\"65\"><img loading=\"lazy\" decoding=\"async\" class=\"alignnone wp-image-413 size-full\" src=\"http:\/\/maquette.toutfaire.fr\/wp\/wp-content\/uploads\/2017\/04\/services_location.gif\" alt=\"\" width=\"65\" height=\"65\" \/><\/td>\n<td><b>PR\u00caT D\u2019UNE MACHINE<\/b><\/td>\n<td>\n<p align=\"left\"><i>Le temps de la r\u00e9paration de votre perfo piqueur, perceuse visseuse \u00e0 batterie, perfo filaire, laser rotatif, meuleuse diam 125 ou 130, une machine vous est pr\u00eat\u00e9e (conditions mentionn\u00e9es sur le contrat de pr\u00eat).<\/i><\/p>\n<\/td>\n<\/tr>\n<\/tbody>\n<\/table>\n","protected":false},"excerpt":{"rendered":"<p>VOUS ACCUEILLIR DU LUNDI AU SAMEDI Toute la semaine, tous les services de votre magasin TOUT FAIRE MATERIAUX sont \u00e0 votre disposition tout pr\u00e8s de chez vous. Pour les professionnels les plus exigeants, TOUT FAIRE MATERIAUX est toujours l\u00e0. VOUS LIVRER SUR CHANTIER Vos mat\u00e9riaux livr\u00e9s sur votre chantier avec possibilit\u00e9 de d\u00e9chargement grue par [&hellip;]<\/p>\n","protected":false},"author":1,"featured_media":0,"parent":0,"menu_order":0,"comment_status":"closed","ping_status":"closed","template":"","meta":{"footnotes":""},"class_list":["post-11","page","type-page","status-publish","hentry"],"_links":{"self":[{"href":"http:\/\/maquette.toutfaire.fr\/wp\/index.php?rest_route=\/wp\/v2\/pages\/11"}],"collection":[{"href":"http:\/\/maquette.toutfaire.fr\/wp\/index.php?rest_route=\/wp\/v2\/pages"}],"about":[{"href":"http:\/\/maquette.toutfaire.fr\/wp\/index.php?rest_route=\/wp\/v2\/types\/page"}],"author":[{"embeddable":true,"href":"http:\/\/maquette.toutfaire.fr\/wp\/index.php?rest_route=\/wp\/v2\/users\/1"}],"replies":[{"embeddable":true,"href":"http:\/\/maquette.toutfaire.fr\/wp\/index.php?rest_route=%2Fwp%2Fv2%2Fcomments&post=11"}],"version-history":[{"count":22,"href":"http:\/\/maquette.toutfaire.fr\/wp\/index.php?rest_route=\/wp\/v2\/pages\/11\/revisions"}],"predecessor-version":[{"id":581,"href":"http:\/\/maquette.toutfaire.fr\/wp\/index.php?rest_route=\/wp\/v2\/pages\/11\/revisions\/581"}],"wp:attachment":[{"href":"http:\/\/maquette.toutfaire.fr\/wp\/index.php?rest_route=%2Fwp%2Fv2%2Fmedia&parent=11"}],"curies":[{"name":"wp","href":"https:\/\/api.w.org\/{rel}","templated":true}]}}